{"id":22249,"date":"2025-01-27T15:45:40","date_gmt":"2025-01-27T15:45:40","guid":{"rendered":"https:\/\/www.mephistos.at\/?post_type=product&#038;p=22249"},"modified":"2025-01-27T15:51:32","modified_gmt":"2025-01-27T15:51:32","slug":"mephistos-bags","status":"publish","type":"product","link":"https:\/\/www.mephistos.at\/de\/produkt\/mephistos-bags\/","title":{"rendered":"Mephistos Bags"},"content":{"rendered":"<p>Dieses auff\u00e4llige rote T-Shirt zeigt eine markante schwarze Grafik, die von gotischer und dunkler Fantasy-\u00c4sthetik inspiriert ist. Im Mittelpunkt des Designs wandelt eine mysteri\u00f6se Gestalt mit unheimlicher Pr\u00e4senz und strahlt dabei Faszination und Stil aus.<\/p>\n<p>Das Wort <em>&#8220;Vatertag&#8221;<\/em> in einer scharfen, stilisierten Schrift abgebildet, die das dunkle Thema perfekt erg\u00e4nzt. Gefertigt aus weicher, atmungsaktiver Baumwolle, verbindet dieses T-Shirt Komfort mit einem fesselnden Design und ist ideal f\u00fcr alle, die einzigartige Mode mit einem Hauch von Mystik lieben. Eine gro\u00dfartige Wahl f\u00fcr den Alltag oder als besonderes Highlight in jeder Garderobe.<\/p>","protected":false},"excerpt":{"rendered":"<p>Dicta sunt explicabo. Nemo enim ipsam voluptatem voluptas sit odit aut fugit, sed quia consequuntur. Lorem ipsum nonum eirmod dolor.<\/p>\n<p>Aquia sit amet, elitr, sed diam nonum eirmod tempor invidunt labore et dolore magna aliquyam.erat, sed diam voluptua. At vero accusam et justo duo dolores et ea rebum. Stet clitain vidunt ut labore eirmod tempor invidunt magna aliquyam. Stet clitain vidunt ut labore.<\/p>","protected":false},"featured_media":21607,"comment_status":"open","ping_status":"closed","template":"","meta":{"_price":"40","_stock":null,"_tribe_ticket_header":"","_tribe_default_ticket_provider":"","_tribe_ticket_capacity":"1","_ticket_start_date":"","_ticket_end_date":"","_tribe_ticket_show_description":"","_tribe_ticket_show_not_going":false,"_tribe_ticket_use_global_stock":"","_tribe_ticket_global_stock_level":"","_global_stock_mode":"","_global_stock_cap":"","_tribe_rsvp_for_event":"","_tribe_ticket_going_count":"","_tribe_ticket_not_going_count":"","_tribe_tickets_list":"[]","_tribe_ticket_has_attendee_info_fields":false},"product_brand":[],"product_cat":[237],"product_tag":[],"class_list":{"0":"post-22249","1":"product","2":"type-product","3":"status-publish","4":"has-post-thumbnail","6":"product_cat-accessories","8":"first","9":"instock","10":"shipping-taxable","11":"purchasable","12":"product-type-simple"},"yoast_head":"<!-- This site is optimized with the Yoast SEO plugin v27.4 - https:\/\/yoast.com\/product\/yoast-seo-wordpress\/ -->\n<title>Mephistos Bags - Mephistos<\/title>\n<meta name=\"robots\" content=\"index, follow, max-snippet:-1, max-image-preview:large, max-video-preview:-1\" \/>\n<link rel=\"canonical\" href=\"https:\/\/www.mephistos.at\/de\/produkt\/mephistos-bags\/\" \/>\n<meta property=\"og:locale\" content=\"de_DE\" \/>\n<meta property=\"og:type\" content=\"article\" \/>\n<meta property=\"og:title\" content=\"Mephistos Bags - Mephistos\" \/>\n<meta property=\"og:description\" content=\"Dicta sunt explicabo. Nemo enim ipsam voluptatem voluptas sit odit aut fugit, sed quia consequuntur. Lorem ipsum nonum eirmod dolor.  Aquia sit amet, elitr, sed diam nonum eirmod tempor invidunt labore et dolore magna aliquyam.erat, sed diam voluptua. At vero accusam et justo duo dolores et ea rebum. Stet clitain vidunt ut labore eirmod tempor invidunt magna aliquyam. Stet clitain vidunt ut labore.\" \/>\n<meta property=\"og:url\" content=\"https:\/\/www.mephistos.at\/de\/produkt\/mephistos-bags\/\" \/>\n<meta property=\"og:site_name\" content=\"Mephistos\" \/>\n<meta property=\"article:modified_time\" content=\"2025-01-27T15:51:32+00:00\" \/>\n<meta property=\"og:image\" content=\"https:\/\/www.mephistos.at\/wp-content\/uploads\/2021\/05\/mephistos_bag.webp\" \/>\n\t<meta property=\"og:image:width\" content=\"1280\" \/>\n\t<meta property=\"og:image:height\" content=\"1265\" \/>\n\t<meta property=\"og:image:type\" content=\"image\/webp\" \/>\n<meta name=\"twitter:card\" content=\"summary_large_image\" \/>\n<meta name=\"twitter:label1\" content=\"Gesch\u00e4tzte Lesezeit\" \/>\n\t<meta name=\"twitter:data1\" content=\"1\u00a0Minute\" \/>\n<script type=\"application\/ld+json\" class=\"yoast-schema-graph\">{\"@context\":\"https:\\\/\\\/schema.org\",\"@graph\":[{\"@type\":\"WebPage\",\"@id\":\"https:\\\/\\\/www.mephistos.at\\\/product\\\/mephistos-bags\\\/\",\"url\":\"https:\\\/\\\/www.mephistos.at\\\/product\\\/mephistos-bags\\\/\",\"name\":\"Mephistos Bags - Mephistos\",\"isPartOf\":{\"@id\":\"https:\\\/\\\/www.mephistos.at\\\/#website\"},\"primaryImageOfPage\":{\"@id\":\"https:\\\/\\\/www.mephistos.at\\\/product\\\/mephistos-bags\\\/#primaryimage\"},\"image\":{\"@id\":\"https:\\\/\\\/www.mephistos.at\\\/product\\\/mephistos-bags\\\/#primaryimage\"},\"thumbnailUrl\":\"https:\\\/\\\/www.mephistos.at\\\/wp-content\\\/uploads\\\/2021\\\/05\\\/mephistos_bag.webp\",\"datePublished\":\"2025-01-27T15:45:40+00:00\",\"dateModified\":\"2025-01-27T15:51:32+00:00\",\"breadcrumb\":{\"@id\":\"https:\\\/\\\/www.mephistos.at\\\/product\\\/mephistos-bags\\\/#breadcrumb\"},\"inLanguage\":\"de\",\"potentialAction\":[{\"@type\":\"ReadAction\",\"target\":[\"https:\\\/\\\/www.mephistos.at\\\/product\\\/mephistos-bags\\\/\"]}]},{\"@type\":\"ImageObject\",\"inLanguage\":\"de\",\"@id\":\"https:\\\/\\\/www.mephistos.at\\\/product\\\/mephistos-bags\\\/#primaryimage\",\"url\":\"https:\\\/\\\/www.mephistos.at\\\/wp-content\\\/uploads\\\/2021\\\/05\\\/mephistos_bag.webp\",\"contentUrl\":\"https:\\\/\\\/www.mephistos.at\\\/wp-content\\\/uploads\\\/2021\\\/05\\\/mephistos_bag.webp\",\"width\":1280,\"height\":1265},{\"@type\":\"BreadcrumbList\",\"@id\":\"https:\\\/\\\/www.mephistos.at\\\/product\\\/mephistos-bags\\\/#breadcrumb\",\"itemListElement\":[{\"@type\":\"ListItem\",\"position\":1,\"name\":\"Home\",\"item\":\"https:\\\/\\\/www.mephistos.at\\\/\"},{\"@type\":\"ListItem\",\"position\":2,\"name\":\"Merch\",\"item\":\"https:\\\/\\\/www.mephistos.at\\\/merch\\\/\"},{\"@type\":\"ListItem\",\"position\":3,\"name\":\"Mephistos Bags\"}]},{\"@type\":\"WebSite\",\"@id\":\"https:\\\/\\\/www.mephistos.at\\\/#website\",\"url\":\"https:\\\/\\\/www.mephistos.at\\\/\",\"name\":\"Mephistos\",\"description\":\"Official Website\",\"publisher\":{\"@id\":\"https:\\\/\\\/www.mephistos.at\\\/#organization\"},\"potentialAction\":[{\"@type\":\"SearchAction\",\"target\":{\"@type\":\"EntryPoint\",\"urlTemplate\":\"https:\\\/\\\/www.mephistos.at\\\/?s={search_term_string}\"},\"query-input\":{\"@type\":\"PropertyValueSpecification\",\"valueRequired\":true,\"valueName\":\"search_term_string\"}}],\"inLanguage\":\"de\"},{\"@type\":\"Organization\",\"@id\":\"https:\\\/\\\/www.mephistos.at\\\/#organization\",\"name\":\"Mephistos\",\"url\":\"https:\\\/\\\/www.mephistos.at\\\/\",\"logo\":{\"@type\":\"ImageObject\",\"inLanguage\":\"de\",\"@id\":\"https:\\\/\\\/www.mephistos.at\\\/#\\\/schema\\\/logo\\\/image\\\/\",\"url\":\"https:\\\/\\\/www.mephistos.at\\\/wp-content\\\/uploads\\\/2024\\\/08\\\/mephistos_logo.png\",\"contentUrl\":\"https:\\\/\\\/www.mephistos.at\\\/wp-content\\\/uploads\\\/2024\\\/08\\\/mephistos_logo.png\",\"width\":1000,\"height\":175,\"caption\":\"Mephistos\"},\"image\":{\"@id\":\"https:\\\/\\\/www.mephistos.at\\\/#\\\/schema\\\/logo\\\/image\\\/\"}}]}<\/script>\n<!-- \/ Yoast SEO plugin. -->","yoast_head_json":{"title":"Mephistos Bags - Mephistos","robots":{"index":"index","follow":"follow","max-snippet":"max-snippet:-1","max-image-preview":"max-image-preview:large","max-video-preview":"max-video-preview:-1"},"canonical":"https:\/\/www.mephistos.at\/de\/produkt\/mephistos-bags\/","og_locale":"de_DE","og_type":"article","og_title":"Mephistos Bags - Mephistos","og_description":"Dicta sunt explicabo. Nemo enim ipsam voluptatem voluptas sit odit aut fugit, sed quia consequuntur. Lorem ipsum nonum eirmod dolor.  Aquia sit amet, elitr, sed diam nonum eirmod tempor invidunt labore et dolore magna aliquyam.erat, sed diam voluptua. At vero accusam et justo duo dolores et ea rebum. Stet clitain vidunt ut labore eirmod tempor invidunt magna aliquyam. Stet clitain vidunt ut labore.","og_url":"https:\/\/www.mephistos.at\/de\/produkt\/mephistos-bags\/","og_site_name":"Mephistos","article_modified_time":"2025-01-27T15:51:32+00:00","og_image":[{"width":1280,"height":1265,"url":"https:\/\/www.mephistos.at\/wp-content\/uploads\/2021\/05\/mephistos_bag.webp","type":"image\/webp"}],"twitter_card":"summary_large_image","twitter_misc":{"Gesch\u00e4tzte Lesezeit":"1\u00a0Minute"},"schema":{"@context":"https:\/\/schema.org","@graph":[{"@type":"WebPage","@id":"https:\/\/www.mephistos.at\/product\/mephistos-bags\/","url":"https:\/\/www.mephistos.at\/product\/mephistos-bags\/","name":"Mephistos Bags - Mephistos","isPartOf":{"@id":"https:\/\/www.mephistos.at\/#website"},"primaryImageOfPage":{"@id":"https:\/\/www.mephistos.at\/product\/mephistos-bags\/#primaryimage"},"image":{"@id":"https:\/\/www.mephistos.at\/product\/mephistos-bags\/#primaryimage"},"thumbnailUrl":"https:\/\/www.mephistos.at\/wp-content\/uploads\/2021\/05\/mephistos_bag.webp","datePublished":"2025-01-27T15:45:40+00:00","dateModified":"2025-01-27T15:51:32+00:00","breadcrumb":{"@id":"https:\/\/www.mephistos.at\/product\/mephistos-bags\/#breadcrumb"},"inLanguage":"de","potentialAction":[{"@type":"ReadAction","target":["https:\/\/www.mephistos.at\/product\/mephistos-bags\/"]}]},{"@type":"ImageObject","inLanguage":"de","@id":"https:\/\/www.mephistos.at\/product\/mephistos-bags\/#primaryimage","url":"https:\/\/www.mephistos.at\/wp-content\/uploads\/2021\/05\/mephistos_bag.webp","contentUrl":"https:\/\/www.mephistos.at\/wp-content\/uploads\/2021\/05\/mephistos_bag.webp","width":1280,"height":1265},{"@type":"BreadcrumbList","@id":"https:\/\/www.mephistos.at\/product\/mephistos-bags\/#breadcrumb","itemListElement":[{"@type":"ListItem","position":1,"name":"Home","item":"https:\/\/www.mephistos.at\/"},{"@type":"ListItem","position":2,"name":"Merch","item":"https:\/\/www.mephistos.at\/merch\/"},{"@type":"ListItem","position":3,"name":"Mephistos Bags"}]},{"@type":"WebSite","@id":"https:\/\/www.mephistos.at\/#website","url":"https:\/\/www.mephistos.at\/","name":"Mephistos","description":"Official Website","publisher":{"@id":"https:\/\/www.mephistos.at\/#organization"},"potentialAction":[{"@type":"SearchAction","target":{"@type":"EntryPoint","urlTemplate":"https:\/\/www.mephistos.at\/?s={search_term_string}"},"query-input":{"@type":"PropertyValueSpecification","valueRequired":true,"valueName":"search_term_string"}}],"inLanguage":"de"},{"@type":"Organization","@id":"https:\/\/www.mephistos.at\/#organization","name":"Mephistos","url":"https:\/\/www.mephistos.at\/","logo":{"@type":"ImageObject","inLanguage":"de","@id":"https:\/\/www.mephistos.at\/#\/schema\/logo\/image\/","url":"https:\/\/www.mephistos.at\/wp-content\/uploads\/2024\/08\/mephistos_logo.png","contentUrl":"https:\/\/www.mephistos.at\/wp-content\/uploads\/2024\/08\/mephistos_logo.png","width":1000,"height":175,"caption":"Mephistos"},"image":{"@id":"https:\/\/www.mephistos.at\/#\/schema\/logo\/image\/"}}]}},"_links":{"self":[{"href":"https:\/\/www.mephistos.at\/de\/wp-json\/wp\/v2\/product\/22249","targetHints":{"allow":["GET"]}}],"collection":[{"href":"https:\/\/www.mephistos.at\/de\/wp-json\/wp\/v2\/product"}],"about":[{"href":"https:\/\/www.mephistos.at\/de\/wp-json\/wp\/v2\/types\/product"}],"replies":[{"embeddable":true,"href":"https:\/\/www.mephistos.at\/de\/wp-json\/wp\/v2\/comments?post=22249"}],"wp:featuredmedia":[{"embeddable":true,"href":"https:\/\/www.mephistos.at\/de\/wp-json\/wp\/v2\/media\/21607"}],"wp:attachment":[{"href":"https:\/\/www.mephistos.at\/de\/wp-json\/wp\/v2\/media?parent=22249"}],"wp:term":[{"taxonomy":"product_brand","embeddable":true,"href":"https:\/\/www.mephistos.at\/de\/wp-json\/wp\/v2\/product_brand?post=22249"},{"taxonomy":"product_cat","embeddable":true,"href":"https:\/\/www.mephistos.at\/de\/wp-json\/wp\/v2\/product_cat?post=22249"},{"taxonomy":"product_tag","embeddable":true,"href":"https:\/\/www.mephistos.at\/de\/wp-json\/wp\/v2\/product_tag?post=22249"}],"curies":[{"name":"wp","href":"https:\/\/api.w.org\/{rel}","templated":true}]}}